{"id":366,"date":"2022-02-17T11:46:24","date_gmt":"2022-02-17T11:46:24","guid":{"rendered":"https:\/\/coffeehumboldtecuador.com\/?page_id=366"},"modified":"2025-10-20T02:20:48","modified_gmt":"2025-10-20T02:20:48","slug":"home","status":"publish","type":"page","link":"https:\/\/coffeehumboldtecuador.com\/","title":{"rendered":"Inicio"},"content":{"rendered":"\n\n\n\n<div class=\"wp-block-uagb-container uagb-block-edcfa438 alignfull uagb-is-root-container\"><div class=\"uagb-container-inner-blocks-wrap\">\n<div class=\"wp-block-uagb-container uagb-block-b04e6884\">\n<div class=\"wp-block-uagb-info-box uagb-block-51ace2c1 uagb-infobox__content-wrap  uagb-infobox-icon-above-title uagb-infobox-image-valign-top\"><div class=\"uagb-ifb-content\"><div class=\"uagb-ifb-title-wrap\"><h2 class=\"uagb-ifb-title\">NUESTROS SERVICIOS.<\/h2><\/div><p class=\"uagb-ifb-desc\">Ofrecemos una variedad de servicios relacionados con la producci\u00f3n, distribuci\u00f3n y venta de caf\u00e9 especie ar\u00e1biga. Algunos de los servicios m\u00e1s comunes incluyen: Cultivo de caf\u00e9, Procesamiento de caf\u00e9, Tostado de caf\u00e9, Empaquetado y distribuci\u00f3n, Venta de caf\u00e9.<\/p><\/div><\/div>\n\n\n\n<div class=\"wp-block-uagb-info-box uagb-block-ad33558d uagb-infobox__content-wrap  uagb-infobox-icon-above-title uagb-infobox-image-valign-top\"><div class=\"uagb-ifb-content\"><div class=\"uagb-ifb-image-content\"><img decoding=\"async\" src=\"https:\/\/coffeehumboldtecuador.com\/wp-content\/uploads\/2023\/04\/Imagen-de-WhatsApp-2023-04-14-a-las-15.55.00.jpg\" alt=\"\" width=\"100\" height=\"75\" loading=\"lazy\"\/><\/div><div class=\"uagb-ifb-title-wrap\"><h5 class=\"uagb-ifb-title\">Tostadora de Caf\u00e9<\/h5><\/div><p class=\"uagb-ifb-desc\"><font style=\"vertical-align: inherit;\"><font style=\"vertical-align: inherit;\">Nuestra tostadora de caf\u00e9 es la alegr\u00eda de nuestro negocio. Esta m\u00e1quina especializada tuesta cuidadosamente los granos de caf\u00e9 especie ar\u00e1biga en estado verde, liberando sus cualidades de sabores y aromas \u00fanicos. Listos para ser molidos, preparados y degustados en una taza de caf\u00e9. Con nuestra tostadora, garantizamos la frescura y calidad de nuestro caf\u00e9, brindando a nuestros clientes una experiencia \u00fanica de sabor en cada taza.<\/font><\/font><\/p><\/div><\/div>\n\n\n\n<div class=\"wp-block-uagb-image alignleft uagb-block-22f3e8f2 wp-block-uagb-image--layout-default wp-block-uagb-image--effect-static wp-block-uagb-image--align-left uag-blocks-common-selector\" style=\"--z-index-desktop:3;;--z-index-tablet:3;;--z-index-mobile:undefined;\"><figure class=\"wp-block-uagb-image__figure\"><img decoding=\"async\" srcset=\"https:\/\/coffeehumboldtecuador.com\/wp-content\/uploads\/2023\/04\/empaque_verde-removebg-preview.png \" src=\"https:\/\/coffeehumboldtecuador.com\/wp-content\/uploads\/2023\/04\/empaque_verde-removebg-preview.png\" alt=\"\" class=\"uag-image-1486\" width=\"122\" height=\"135\" title=\"\" loading=\"lazy\"\/><\/figure><\/div>\n<\/div>\n\n\n\n<div class=\"wp-block-uagb-container uagb-block-1affcfe5\">\n<div class=\"wp-block-uagb-info-box uagb-block-6ab44713 uagb-infobox__content-wrap  uagb-infobox-icon-above-title uagb-infobox-image-valign-top\"><div class=\"uagb-ifb-content\"><div class=\"uagb-ifb-image-content\"><img decoding=\"async\" src=\"https:\/\/coffeehumboldtecuador.com\/wp-content\/uploads\/2023\/03\/img-2.jpg\" alt=\"\" width=\"100\" height=\"70\" loading=\"lazy\"\/><\/div><div class=\"uagb-ifb-title-wrap\"><h5 class=\"uagb-ifb-title\">Turismo cafetero<\/h5><\/div><p class=\"uagb-ifb-desc\"><font style=\"vertical-align: inherit;\"><font style=\"vertical-align: inherit;\">El turismo cafetero incluy<\/font><\/font>e una experiencia completa para los visitantes, donde se les brinda la oportunidad de conocer el proceso de producci\u00f3n del caf\u00e9 especie ar\u00e1biga y degustar diferentes variedades. La visita a la plantaci\u00f3n de caf\u00e9 puede incluir un recorrido guiado por la plantaci\u00f3n, donde se explican las diferentes variedades de caf\u00e9 que se cultivan y el proceso de cosecha del caf\u00e9. Tambi\u00e9n pueden mostrar las instalaciones de procesamiento y tostado del caf\u00e9<\/p><\/div><\/div>\n\n\n\n<div class=\"wp-block-uagb-info-box uagb-block-4cf15f1e uagb-infobox__content-wrap  uagb-infobox-icon-above-title uagb-infobox-image-valign-top\"><div class=\"uagb-ifb-content\"><div class=\"uagb-ifb-image-content\"><img decoding=\"async\" src=\"https:\/\/coffeehumboldtecuador.com\/wp-content\/uploads\/2023\/03\/Imagen-de-WhatsApp-2023-03-28-a-las-17.52.1845.jpg\" alt=\"\" width=\"100\" height=\"75\" loading=\"lazy\"\/><\/div><div class=\"uagb-ifb-title-wrap\"><h5 class=\"uagb-ifb-title\">An\u00e1lisis F\u00edsico y organol\u00e9ptico de caf\u00e9<\/h5><\/div><p class=\"uagb-ifb-desc\">El an\u00e1lisis f\u00edsico y organol\u00e9ptico del caf\u00e9 es una forma de evaluar la calidad del caf\u00e9. El an\u00e1lisis f\u00edsico incluye la evaluaci\u00f3n de factores como la densidad, el tama\u00f1o, la forma y el color de los granos de caf\u00e9. El an\u00e1lisis organol\u00e9ptico, por otro lado, se enfoca en las caracter\u00edsticas sensoriales del caf\u00e9, como el aroma, sabor, cuerpo y acidez.<\/p><\/div><\/div>\n<\/div>\n<\/div><\/div>\n\n\n\n<div class=\"wp-block-uagb-container uag-blocks-common-selector uagb-block-96dabdd3 alignfull uagb-is-root-container\"><div class=\"uagb-container-inner-blocks-wrap\">\n<div class=\"wp-block-uagb-container uagb-block-2a21d1bc\">\n<div class=\"wp-block-uagb-info-box uagb-block-add9ad16 uagb-infobox__content-wrap  uagb-infobox-icon-above-title uagb-infobox-image-valign-top\"><div class=\"uagb-ifb-content\"><div class=\"uagb-ifb-title-wrap\"><h2 class=\"uagb-ifb-title\">CAF\u00c9 DE MONTA\u00d1A<\/h2><\/div><p class=\"uagb-ifb-desc\">Nuestros cafetales est\u00e1n rodeados de una exuberante vegetaci\u00f3n y bajo la protecci\u00f3n de la sombra de guaba, lo que significa que tendremos mayor concentraci\u00f3n de nutrientes y antioxidantes ayudando a combatir los efectos del envejecimiento ya que contiene menor cantidad de \u00e1cidos y elementos nocivos para la salud.<\/p><\/div><\/div>\n<\/div>\n\n\n\n<div class=\"is-layout-flex wp-container-2 wp-block-columns\">\n<div class=\"is-layout-flow wp-block-column\">\n<figure class=\"wp-block-video\"><video controls src=\"blob:https:\/\/coffeehumboldtecuador.com\/9f1bc902-a00f-400b-9031-d97d17e89eb3\"><\/video><\/figure>\n<\/div>\n<\/div>\n<\/div><\/div>\n\n\n\n<div class=\"wp-block-uagb-container uagb-block-5fb5146c alignfull uagb-is-root-container\"><div class=\"uagb-container-inner-blocks-wrap\">\n<div class=\"wp-block-uagb-info-box uagb-block-4fa4ddfd uagb-infobox__content-wrap  uagb-infobox-icon-above-title uagb-infobox-image-valign-top\"><div class=\"uagb-ifb-content\"><div class=\"uagb-ifb-title-wrap\"><span class=\"uagb-ifb-title-prefix\">HECHO EN CASA<\/span><h2 class=\"uagb-ifb-title\">CONOCE NUESTROS&nbsp;PRODUCTOS<\/h2><\/div><p class=\"uagb-ifb-desc\">Nuestro producto es caf\u00e9 ar\u00e1bigo de especialidad conforme a est\u00e1ndares internacionales, lo que lo hacen un producto diferenciado y apetecido en el Ecuador y el mundo entero. Se caracteriza por ser una bebida balanceada, con acidez moderada, sabores frutales y aromas florales propios de la zona.<\/p><\/div><\/div>\n<\/div><\/div>\n\n\n\n<div class=\"wp-block-uagb-container uagb-block-754abc13 alignfull uagb-is-root-container\">\n<figure class=\"is-layout-flex wp-block-gallery-3 wp-block-gallery alignfull has-nested-images columns-3 is-cropped\">\n<figure class=\"wp-block-image size-full\"><img decoding=\"async\" loading=\"lazy\" width=\"720\" height=\"540\" src=\"https:\/\/coffeehumboldtecuador.com\/wp-content\/uploads\/2023\/04\/Imagen-de-WhatsApp-2023-03-28-a-.jpg\" alt=\"\" class=\"wp-image-1710\" srcset=\"https:\/\/coffeehumboldtecuador.com\/wp-content\/uploads\/2023\/04\/Imagen-de-WhatsApp-2023-03-28-a-.jpg 720w, https:\/\/coffeehumboldtecuador.com\/wp-content\/uploads\/2023\/04\/Imagen-de-WhatsApp-2023-03-28-a--300x225.jpg 300w\" sizes=\"(max-width: 720px) 100vw, 720px\" \/><\/figure>\n\n\n\n<figure class=\"wp-block-image size-full\"><img decoding=\"async\" loading=\"lazy\" width=\"720\" height=\"540\" src=\"https:\/\/coffeehumboldtecuador.com\/wp-content\/uploads\/2023\/04\/Imagen-de-WhatsApp-2023-04-14-a-las-14.55.27.jpg\" alt=\"\" class=\"wp-image-1704\" srcset=\"https:\/\/coffeehumboldtecuador.com\/wp-content\/uploads\/2023\/04\/Imagen-de-WhatsApp-2023-04-14-a-las-14.55.27.jpg 720w, https:\/\/coffeehumboldtecuador.com\/wp-content\/uploads\/2023\/04\/Imagen-de-WhatsApp-2023-04-14-a-las-14.55.27-300x225.jpg 300w\" sizes=\"(max-width: 720px) 100vw, 720px\" \/><\/figure>\n\n\n\n<figure class=\"wp-block-image size-full\"><img decoding=\"async\" loading=\"lazy\" width=\"720\" height=\"540\" src=\"https:\/\/coffeehumboldtecuador.com\/wp-content\/uploads\/2023\/04\/Imagen-de-WhatsApp-2023-04-20-a-.jpg\" alt=\"\" class=\"wp-image-1712\" srcset=\"https:\/\/coffeehumboldtecuador.com\/wp-content\/uploads\/2023\/04\/Imagen-de-WhatsApp-2023-04-20-a-.jpg 720w, https:\/\/coffeehumboldtecuador.com\/wp-content\/uploads\/2023\/04\/Imagen-de-WhatsApp-2023-04-20-a--300x225.jpg 300w\" sizes=\"(max-width: 720px) 100vw, 720px\" \/><\/figure>\n\n\n\n<figure class=\"wp-block-image size-full\"><img decoding=\"async\" loading=\"lazy\" width=\"720\" height=\"540\" src=\"https:\/\/coffeehumboldtecuador.com\/wp-content\/uploads\/2023\/04\/Imagen-de-WhatsApp-2023-03-28-a-1.jpg\" alt=\"\" class=\"wp-image-1713\" srcset=\"https:\/\/coffeehumboldtecuador.com\/wp-content\/uploads\/2023\/04\/Imagen-de-WhatsApp-2023-03-28-a-1.jpg 720w, https:\/\/coffeehumboldtecuador.com\/wp-content\/uploads\/2023\/04\/Imagen-de-WhatsApp-2023-03-28-a-1-300x225.jpg 300w\" sizes=\"(max-width: 720px) 100vw, 720px\" \/><\/figure>\n\n\n\n<figure class=\"wp-block-image size-full\"><img decoding=\"async\" loading=\"lazy\" width=\"720\" height=\"540\" src=\"https:\/\/coffeehumboldtecuador.com\/wp-content\/uploads\/2023\/04\/Imagen-de-WhatsApp-2023-03-28-a-2.jpg\" alt=\"\" class=\"wp-image-1714\" srcset=\"https:\/\/coffeehumboldtecuador.com\/wp-content\/uploads\/2023\/04\/Imagen-de-WhatsApp-2023-03-28-a-2.jpg 720w, https:\/\/coffeehumboldtecuador.com\/wp-content\/uploads\/2023\/04\/Imagen-de-WhatsApp-2023-03-28-a-2-300x225.jpg 300w\" sizes=\"(max-width: 720px) 100vw, 720px\" \/><\/figure>\n\n\n\n<figure class=\"wp-block-image size-full\"><img decoding=\"async\" loading=\"lazy\" width=\"720\" height=\"540\" src=\"https:\/\/coffeehumboldtecuador.com\/wp-content\/uploads\/2023\/04\/Imagen10.jpg\" alt=\"\" class=\"wp-image-1715\" srcset=\"https:\/\/coffeehumboldtecuador.com\/wp-content\/uploads\/2023\/04\/Imagen10.jpg 720w, https:\/\/coffeehumboldtecuador.com\/wp-content\/uploads\/2023\/04\/Imagen10-300x225.jpg 300w\" sizes=\"(max-width: 720px) 100vw, 720px\" \/><\/figure>\n<\/figure>\n<\/div>\n\n\n\n<div class=\"wp-block-uagb-container uagb-block-602836d9 alignfull uagb-is-root-container\"><div class=\"uagb-container-inner-blocks-wrap\">\n<div class=\"wp-block-uagb-container uagb-block-4afd31d4\">\n<div class=\"wp-block-uagb-info-box uagb-block-b278c820 uagb-infobox__content-wrap  uagb-infobox-icon-above-title uagb-infobox-image-valign-top\"><div class=\"uagb-ifb-content\"><div class=\"uagb-ifb-title-wrap\"><h2 class=\"uagb-ifb-title\">Conozca Al Equipo HUMBOLDT<\/h2><\/div><p class=\"uagb-ifb-desc\">El equipo de trabajo de productores de caf\u00e9 est\u00e1 compuesto por un grupo de agricultores dedicados a la producci\u00f3n de caf\u00e9 de alta calidad. Estos productores trabajan en estrecha colaboraci\u00f3n para cultivar, cosechar y procesar el caf\u00e9 de manera eficiente y sostenible.<\/p><\/div><\/div>\n\n\n\n<div class=\"wp-block-uagb-image uagb-block-596f8e6d wp-block-uagb-image--layout-default wp-block-uagb-image--effect-static wp-block-uagb-image--align-none\"><figure class=\"wp-block-uagb-image__figure\"><img decoding=\"async\" srcset=\"https:\/\/coffeehumboldtecuador.com\/wp-content\/uploads\/2023\/03\/fotor_2023-3-28_18_27_21-719x1024.png , https:\/\/coffeehumboldtecuador.com\/wp-content\/uploads\/2020\/08\/chef-2-4.jpg 360w\" src=\"https:\/\/coffeehumboldtecuador.com\/wp-content\/uploads\/2023\/03\/fotor_2023-3-28_18_27_21-719x1024.png\" alt=\"\" class=\"uag-image-1390\" width=\"719\" height=\"1024\" title=\"\" loading=\"lazy\"\/><\/figure><\/div>\n\n\n\n<div style=\"height:56px\" aria-hidden=\"true\" class=\"wp-block-spacer\"><\/div>\n\n\n\n<figure class=\"wp-block-image alignleft size-full is-resized is-style-default\"><img decoding=\"async\" loading=\"lazy\" src=\"https:\/\/coffeehumboldtecuador.com\/wp-content\/uploads\/2023\/04\/Coffee-3.png\" alt=\"\" class=\"wp-image-1480\" width=\"504\" height=\"701\" srcset=\"https:\/\/coffeehumboldtecuador.com\/wp-content\/uploads\/2023\/04\/Coffee-3.png 393w, https:\/\/coffeehumboldtecuador.com\/wp-content\/uploads\/2023\/04\/Coffee-3-216x300.png 216w\" sizes=\"(max-width: 504px) 100vw, 504px\" \/><\/figure>\n<\/div>\n\n\n\n<div class=\"wp-block-uagb-container uagb-block-584042bf\">\n<div class=\"wp-block-uagb-image alignleft uagb-block-e5dd6b16 wp-block-uagb-image--layout-default wp-block-uagb-image--effect-static wp-block-uagb-image--align-left\"><figure class=\"wp-block-uagb-image__figure\"><img decoding=\"async\" srcset=\"https:\/\/coffeehumboldtecuador.com\/wp-content\/uploads\/2023\/04\/Imagen-de-WhatsApp-2023-04-13-a-las-21.19.52-768x1024.jpg , https:\/\/coffeehumboldtecuador.com\/wp-content\/uploads\/2020\/08\/chef-1-4.jpg 360w\" src=\"https:\/\/coffeehumboldtecuador.com\/wp-content\/uploads\/2023\/04\/Imagen-de-WhatsApp-2023-04-13-a-las-21.19.52-768x1024.jpg\" alt=\"\" class=\"uag-image-1559\" width=\"514\" height=\"652\" title=\"\" loading=\"lazy\"\/><\/figure><\/div>\n\n\n\n<div class=\"wp-block-uagb-image alignleft uagb-block-de6c2e1f wp-block-uagb-image--layout-default wp-block-uagb-image--effect-static wp-block-uagb-image--align-left\"><figure class=\"wp-block-uagb-image__figure\"><img decoding=\"async\" srcset=\"https:\/\/coffeehumboldtecuador.com\/wp-content\/uploads\/2023\/03\/fotor_2023-3-28_18_19_46.png , https:\/\/coffeehumboldtecuador.com\/wp-content\/uploads\/2020\/08\/chef-3-4.jpg 360w\" src=\"https:\/\/coffeehumboldtecuador.com\/wp-content\/uploads\/2023\/03\/fotor_2023-3-28_18_19_46.png\" alt=\"\" class=\"uag-image-1387\" width=\"519\" height=\"736\" title=\"\" loading=\"lazy\"\/><\/figure><\/div>\n<\/div>\n<\/div><\/div>\n\n\n\n<div class=\"wp-block-uagb-container uagb-block-caa8949e alignfull uagb-is-root-container\"><div class=\"uagb-container-inner-blocks-wrap\">\n<div class=\"wp-block-uagb-info-box uagb-block-a67c3bc3 uagb-infobox__content-wrap  uagb-infobox-icon-above-title uagb-infobox-image-valign-top\"><div class=\"uagb-ifb-content\"><div class=\"uagb-ifb-title-wrap\"><span class=\"uagb-ifb-title-prefix\">TESTIMONIOS<\/span><h2 class=\"uagb-ifb-title\">Lo que ellos dicen<\/h2><\/div><\/div><\/div>\n\n\n\n<div class=\"wp-block-uagb-testimonial uagb-slick-carousel uagb-tm__arrow-outside uagb-block-7fedea54 uagb-post__carousel_equal-height uagb-post__carousel_notset\"><div class=\"is-carousel uagb-tm__columns-3 uagb-tm__items\"><div class=\"uagb-testimonial__wrap  uagb-tm__imgicon-style-circle uagb-tm__image-position-top uagb-tm__bg-type-color \"><div class=\"uagb-tm__content\"><div class=\"uagb-tm__overlay\"><\/div><div class=\"uagb-tm__image-content\"><div class=\"uagb-tm__image\"><img decoding=\"async\" class=\"uagb-tm-img-src\" src=\"https:\/\/coffeehumboldtecuador.com\/wp-content\/uploads\/2023\/04\/Captura-de-pantalla-361-modifi.png\" alt=\"\" width=\"60\" height=\"60\" loading=\"lazy\"\/><\/div><\/div><div class=\"uagb-tm__text-wrap\"><div class=\"uagb-tm__desc\">El Coffee Humboldt es simplemente delicioso. Su cuerpo completo y sabor suave son perfectos para un caf\u00e9 de la ma\u00f1ana o una pausa en el d\u00eda. Sin duda, es un caf\u00e9 que recomendar\u00eda a cualquier amante del buen caf\u00e9.<\/div><div class=\"uagb-tm__meta-inner\"><div class=\"uagb-testimonial-details\"><span class=\"uagb-tm__author-name\">Michelle Willis<\/span><span class=\"uagb-tm__company\"><\/span><\/div><\/div><\/div><\/div><\/div><div class=\"uagb-testimonial__wrap  uagb-tm__imgicon-style-circle uagb-tm__image-position-top uagb-tm__bg-type-color \"><div class=\"uagb-tm__content\"><div class=\"uagb-tm__overlay\"><\/div><div class=\"uagb-tm__image-content\"><div class=\"uagb-tm__image\"><img decoding=\"async\" class=\"uagb-tm-img-src\" src=\"https:\/\/coffeehumboldtecuador.com\/wp-content\/uploads\/2023\/04\/Captura-de-pantalla-422-modified.png\" alt=\"\" width=\"60\" height=\"60\" loading=\"lazy\"\/><\/div><\/div><div class=\"uagb-tm__text-wrap\"><div class=\"uagb-tm__desc\">El Coffee Humboldt es una verdadera joya para los amantes del caf\u00e9. Su sabor y aroma son simplemente espectaculares. Me gusta su cuerpo completo. Definitivamente, es un caf\u00e9 de alta calidad que no puede faltar en mi despensa.<\/div><div class=\"uagb-tm__meta-inner\"><div class=\"uagb-testimonial-details\"><span class=\"uagb-tm__author-name\">Emily S\u00e1nchez\u00a0<\/span><span class=\"uagb-tm__company\"><\/span><\/div><\/div><\/div><\/div><\/div><div class=\"uagb-testimonial__wrap  uagb-tm__imgicon-style-circle uagb-tm__image-position-top uagb-tm__bg-type-color \"><div class=\"uagb-tm__content\"><div class=\"uagb-tm__overlay\"><\/div><div class=\"uagb-tm__image-content\"><div class=\"uagb-tm__image\"><img decoding=\"async\" class=\"uagb-tm-img-src\" src=\"https:\/\/coffeehumboldtecuador.com\/wp-content\/uploads\/2023\/04\/Imagen-de-WhatsApp-2023-04-26-a-.png\" alt=\"\" width=\"60\" height=\"60\" loading=\"lazy\"\/><\/div><\/div><div class=\"uagb-tm__text-wrap\"><div class=\"uagb-tm__desc\">El caf\u00e9 en grano Humboldt es simplemente delicioso. Su sabor intenso y arom\u00e1tico es incomparable. Definitivamente recomiendo probarlo a cualquier amante del caf\u00e9.<\/div><div class=\"uagb-tm__meta-inner\"><div class=\"uagb-testimonial-details\"><span class=\"uagb-tm__author-name\">John Doe<\/span><span class=\"uagb-tm__company\">Company Name<\/span><\/div><\/div><\/div><\/div><\/div><\/div><\/div>\n<\/div><\/div>\n\n\n\n<div class=\"wp-block-uagb-container uagb-block-9649014a alignfull uagb-is-root-container\"><div class=\"uagb-container-inner-blocks-wrap\">\n<div class=\"wp-block-uagb-info-box uagb-block-dd44480c uagb-infobox__content-wrap  uagb-infobox-icon-above-title uagb-infobox-image-valign-top\"><div class=\"uagb-ifb-content\"><div class=\"uagb-ifb-title-wrap\"><h2 class=\"uagb-ifb-title\">Cont\u00e1ctenos<\/h2><\/div><p class=\"uagb-ifb-desc\">Si tienes alguna pregunta, comentario o simplemente quieres ponerte en contacto con nosotros, no dudes en escribirnos. Estaremos encantados de ayudarte en lo que necesites y responderemos lo m\u00e1s pronto posible. \u00a1Gracias por visitarnos!<\/p><div class=\"uagb-ifb-button-wrapper wp-block-button\"><a href=\"https:\/\/coffeehumboldtecuador.com\/?page_id=376\" class=\"uagb-infobox-cta-link wp-block-button__link\" target=\"_self\" rel=\"noopener noreferrer\" alt=\"\"><span class=\"uagb-inline-editing\">CONTACTAR CON<\/span><\/a><\/div><\/div><\/div>\n\n\n\n<div class=\"wp-block-uagb-info-box uagb-block-b2b92513 uagb-infobox__content-wrap  uagb-infobox-icon-above-title uagb-infobox-image-valign-top\"><div class=\"uagb-ifb-content\"><div class=\"uagb-ifb-title-wrap\"><span class=\"uagb-ifb-title-prefix\">TEL\u00c9FONO<\/span><h2 class=\"uagb-ifb-title\">0996962349<\/h2><\/div><\/div><\/div>\n<\/div><\/div>\n","protected":false},"excerpt":{"rendered":"","protected":false},"author":1,"featured_media":0,"parent":0,"menu_order":0,"comment_status":"closed","ping_status":"closed","template":"","meta":{"_uag_custom_page_level_css":"","site-sidebar-layout":"no-sidebar","site-content-layout":"plain-container","ast-global-header-display":"","ast-main-header-display":"","ast-hfb-above-header-display":"","ast-hfb-below-header-display":"","ast-hfb-mobile-header-display":"","site-post-title":"disabled","ast-breadcrumbs-content":"","ast-featured-img":"disabled","footer-sml-layout":"","theme-transparent-header-meta":"enabled","adv-header-id-meta":"","stick-header-meta":"","header-above-stick-meta":"","header-main-stick-meta":"","header-below-stick-meta":""},"uagb_featured_image_src":{"full":false,"thumbnail":false,"medium":false,"medium_large":false,"large":false,"1536x1536":false,"2048x2048":false},"uagb_author_info":{"display_name":"ElenaNarvez","author_link":"https:\/\/coffeehumboldtecuador.com\/?author=1"},"uagb_comment_info":0,"uagb_excerpt":null,"_links":{"self":[{"href":"https:\/\/coffeehumboldtecuador.com\/index.php?rest_route=\/wp\/v2\/pages\/366"}],"collection":[{"href":"https:\/\/coffeehumboldtecuador.com\/index.php?rest_route=\/wp\/v2\/pages"}],"about":[{"href":"https:\/\/coffeehumboldtecuador.com\/index.php?rest_route=\/wp\/v2\/types\/page"}],"author":[{"embeddable":true,"href":"https:\/\/coffeehumboldtecuador.com\/index.php?rest_route=\/wp\/v2\/users\/1"}],"replies":[{"embeddable":true,"href":"https:\/\/coffeehumboldtecuador.com\/index.php?rest_route=%2Fwp%2Fv2%2Fcomments&post=366"}],"version-history":[{"count":115,"href":"https:\/\/coffeehumboldtecuador.com\/index.php?rest_route=\/wp\/v2\/pages\/366\/revisions"}],"predecessor-version":[{"id":1745,"href":"https:\/\/coffeehumboldtecuador.com\/index.php?rest_route=\/wp\/v2\/pages\/366\/revisions\/1745"}],"wp:attachment":[{"href":"https:\/\/coffeehumboldtecuador.com\/index.php?rest_route=%2Fwp%2Fv2%2Fmedia&parent=366"}],"curies":[{"name":"wp","href":"https:\/\/api.w.org\/{rel}","templated":true}]}}