{"id":376,"date":"2022-02-17T11:48:11","date_gmt":"2022-02-17T11:48:11","guid":{"rendered":"https:\/\/coffeehumboldtecuador.com\/?page_id=376"},"modified":"2024-06-26T17:22:36","modified_gmt":"2024-06-26T17:22:36","slug":"contact","status":"publish","type":"page","link":"https:\/\/coffeehumboldtecuador.com\/?page_id=376","title":{"rendered":"Cont\u00e1ctenos"},"content":{"rendered":"\n<div class=\"wp-block-uagb-container uagb-block-075bb5b7 alignfull uagb-is-root-container\"><div class=\"uagb-container-inner-blocks-wrap\">\n<h2 class=\"has-text-align-center has-ast-global-color-7-color has-text-color\"><strong>CONT\u00c1CTENOS<\/strong> <\/h2>\n<\/div><\/div>\n\n\n\n<div class=\"wp-block-uagb-container uagb-block-91e55fc1 alignfull uagb-is-root-container\"><div class=\"uagb-container-inner-blocks-wrap\">\n<div class=\"wp-block-uagb-info-box uagb-block-795e8304 uagb-infobox__content-wrap  uagb-infobox-icon-above-title uagb-infobox-image-valign-top\"><div class=\"uagb-ifb-content\"><div class=\"uagb-ifb-title-wrap\"><span class=\"uagb-ifb-title-prefix\"><strong>NUESTRA UBICACI\u00d3N<\/strong><\/span><h2 class=\"uagb-ifb-title\">Platanillos, La Victoria, Las Lajas, El Oro, ECU.<\/h2><\/div><p class=\"uagb-ifb-desc\">Nos encontramos en una ubicaci\u00f3n privilegiada en el coraz\u00f3n de la ciudad de Platanillos, pqa Cumanda, la Loma, Calle las Mar\u00edas. Disfrute de un ambiente c\u00e1lido y acogedor mientras degusta nuestro caf\u00e9. \u00a1Lo esperamos!<\/p><div class=\"uagb-ifb-button-wrapper wp-block-button\"><a href=\"https:\/\/www.google.com\/maps\/place\/Platanillos,+La+Victoria\/@-3.8035529,-80.0763846,17z\/data=!3m1!4b1!4m6!3m5!1s0x9034870a5fedbbc7:0x86dfdcab72f69722!8m2!3d-3.8034488!4d-80.0737474!16s%2Fg%2F1tghqn1n\" class=\"uagb-infobox-cta-link wp-block-button__link\" target=\"_self\" rel=\"noopener noreferrer\" alt=\"\"><span class=\"uagb-inline-editing\">ir a google maps<\/span><svg xmlns=\"https:\/\/www.w3.org\/2000\/svg\" viewBox=\"0 0 576 512\"><path d=\"M273.2 311.1C241.1 271.9 167.1 174.6 167.1 120C167.1 53.73 221.7 0 287.1 0C354.3 0 408 53.73 408 120C408 174.6 334.9 271.9 302.8 311.1C295.1 321.6 280.9 321.6 273.2 311.1V311.1zM416 503V200.4C419.5 193.5 422.7 186.7 425.6 179.8C426.1 178.6 426.6 177.4 427.1 176.1L543.1 129.7C558.9 123.4 576 135 576 152V422.8C576 432.6 570 441.4 560.9 445.1L416 503zM15.09 187.3L137.6 138.3C140 152.5 144.9 166.6 150.4 179.8C153.3 186.7 156.5 193.5 160 200.4V451.8L32.91 502.7C17.15 508.1 0 497.4 0 480.4V209.6C0 199.8 5.975 190.1 15.09 187.3H15.09zM384 504.3L191.1 449.4V255C212.5 286.3 234.3 314.6 248.2 331.1C268.7 357.6 307.3 357.6 327.8 331.1C341.7 314.6 363.5 286.3 384 255L384 504.3z\"><\/path><\/svg><\/a><\/div><\/div><\/div>\n\n\n\n<div class=\"wp-block-uagb-info-box uagb-block-35e17386 uagb-infobox__content-wrap  uagb-infobox-icon-above-title uagb-infobox-image-valign-top\"><div class=\"uagb-ifb-content\"><div class=\"uagb-ifb-title-wrap\"><span class=\"uagb-ifb-title-prefix\"><strong><strong>TEL\u00c9FONO<\/strong><\/strong>S<\/span><h2 class=\"uagb-ifb-title\">0996962349<br>0996962350<\/h2><\/div><p class=\"uagb-ifb-desc\">soporte@coffeehumboldtecuador.com<\/p><\/div><\/div>\n<\/div><\/div>\n\n\n\n<div class=\"wp-block-uagb-container uagb-block-d8ade692 alignfull uagb-is-root-container\">\n<div class=\"inherit-container-width is-layout-constrained wp-block-group\">\n<div class=\"wp-block-uagb-image alignright uagb-block-02e89ea7 wp-block-uagb-image--layout-default wp-block-uagb-image--effect-static wp-block-uagb-image--align-right uag-hide-mob\"><figure class=\"wp-block-uagb-image__figure\"><img decoding=\"async\" srcset=\"https:\/\/coffeehumboldtecuador.com\/wp-content\/uploads\/2023\/04\/empaque_negro-removebg-preview-2.png \" src=\"https:\/\/coffeehumboldtecuador.com\/wp-content\/uploads\/2023\/04\/empaque_negro-removebg-preview-2.png\" alt=\"\" class=\"uag-image-1629\" width=\"133\" height=\"79\" title=\"\" loading=\"lazy\"\/><\/figure><\/div>\n<\/div>\n<\/div>\n\n\n\n<div class=\"wp-block-uagb-container uagb-block-710b9454 alignfull uagb-is-root-container\">\n<div class=\"wp-block-uagb-container uagb-block-e8bba3d8\">\n<div class=\"wp-block-uagb-google-map uagb-google-map__wrap uagb-block-b075dc83\"><iframe class=\"uagb-google-map__iframe\" title=\"Google Map for Coffee Humboldt, Calle Vicente Rocafuerte, Ambato\" src=\"https:\/\/www.google.com\/maps\/embed\/v1\/place?key=AIzaSyAsd_d46higiozY-zNqtr7zdA81Soswje4&amp;q=Coffee%20Humboldt,%20Calle%20Vicente%20Rocafuerte,%20Ambato&amp;zoom=16&amp;language=en\" width=\"640\" height=\"680\" loading=\"lazy\"><\/iframe><\/div>\n<\/div>\n\n\n\n<div class=\"wp-block-uagb-container uagb-block-a560b152\">\n<div class=\"wp-block-uagb-advanced-heading uagb-block-1097c506\"><h3 class=\"uagb-heading-text\">Mandanos un mensaje<\/h3><p class=\"uagb-desc-text\">\u00a1Hola! \u00a1Nos encanta que est\u00e9 interesado en contactarnos! Si pudiera tomarse un momento para llenar nuestro formulario con sus detalles y su consulta, estar\u00edamos encantados de responder lo antes posible. \u00a1Gracias por su tiempo y esperamos poder ayudarlo en lo que necesite!<\/p><\/div>\n\n\n<div class=\"wpforms-container \" id=\"wpforms-5\"><form id=\"wpforms-form-5\" class=\"wpforms-validate wpforms-form\" data-formid=\"5\" method=\"post\" enctype=\"multipart\/form-data\" action=\"\/index.php?rest_route=%2Fwp%2Fv2%2Fpages%2F376\" data-token=\"677ed7cba9b9dc2f1259984a01df0a4d\"><noscript class=\"wpforms-error-noscript\">Please enable JavaScript in your browser to complete this form.<\/noscript><div class=\"wpforms-field-container\"><div id=\"wpforms-5-field_0-container\" class=\"wpforms-field wpforms-field-name\" data-field-id=\"0\"><label class=\"wpforms-field-label wpforms-label-hide\" for=\"wpforms-5-field_0\">Name <span class=\"wpforms-required-label\">*<\/span><\/label><input type=\"text\" id=\"wpforms-5-field_0\" class=\"wpforms-field-large wpforms-field-required\" name=\"wpforms[fields][0]\" placeholder=\"Full name*\" required><\/div><div id=\"wpforms-5-field_1-container\" class=\"wpforms-field wpforms-field-email\" data-field-id=\"1\"><label class=\"wpforms-field-label wpforms-label-hide\" for=\"wpforms-5-field_1\">Email <span class=\"wpforms-required-label\">*<\/span><\/label><input type=\"email\" id=\"wpforms-5-field_1\" class=\"wpforms-field-large wpforms-field-required\" name=\"wpforms[fields][1]\" placeholder=\"Active email*\" required><\/div><div id=\"wpforms-5-field_2-container\" class=\"wpforms-field wpforms-field-textarea\" data-field-id=\"2\"><label class=\"wpforms-field-label wpforms-label-hide\" for=\"wpforms-5-field_2\">Message <span class=\"wpforms-required-label\">*<\/span><\/label><textarea id=\"wpforms-5-field_2\" class=\"wpforms-field-medium wpforms-field-required\" name=\"wpforms[fields][2]\" placeholder=\"Your message here*\" required><\/textarea><\/div><\/div><div class=\"wpforms-field wpforms-field-hp\"><label for=\"wpforms-5-field-hp\" class=\"wpforms-field-label\">Name<\/label><input type=\"text\" name=\"wpforms[hp]\" id=\"wpforms-5-field-hp\" class=\"wpforms-field-medium\"><\/div><div class=\"wpforms-submit-container\"><input type=\"hidden\" name=\"wpforms[id]\" value=\"5\"><input type=\"hidden\" name=\"wpforms[author]\" value=\"1\"><button type=\"submit\" name=\"wpforms[submit]\" id=\"wpforms-submit-5\" class=\"wpforms-submit\" data-alt-text=\"Sending...\" data-submit-text=\"Send Message\" aria-live=\"assertive\" value=\"wpforms-submit\">Send Message<\/button><\/div><\/form><\/div>  <!-- .wpforms-container --><\/div>\n<\/div>\n","protected":false},"excerpt":{"rendered":"","protected":false},"author":1,"featured_media":0,"parent":0,"menu_order":0,"comment_status":"closed","ping_status":"closed","template":"","meta":{"_uag_custom_page_level_css":"","site-sidebar-layout":"no-sidebar","site-content-layout":"plain-container","ast-global-header-display":"","ast-main-header-display":"","ast-hfb-above-header-display":"","ast-hfb-below-header-display":"","ast-hfb-mobile-header-display":"","site-post-title":"disabled","ast-breadcrumbs-content":"","ast-featured-img":"disabled","footer-sml-layout":"","theme-transparent-header-meta":"enabled","adv-header-id-meta":"","stick-header-meta":"","header-above-stick-meta":"","header-main-stick-meta":"","header-below-stick-meta":""},"uagb_featured_image_src":{"full":false,"thumbnail":false,"medium":false,"medium_large":false,"large":false,"1536x1536":false,"2048x2048":false},"uagb_author_info":{"display_name":"ElenaNarvez","author_link":"https:\/\/coffeehumboldtecuador.com\/?author=1"},"uagb_comment_info":0,"uagb_excerpt":null,"_links":{"self":[{"href":"https:\/\/coffeehumboldtecuador.com\/index.php?rest_route=\/wp\/v2\/pages\/376"}],"collection":[{"href":"https:\/\/coffeehumboldtecuador.com\/index.php?rest_route=\/wp\/v2\/pages"}],"about":[{"href":"https:\/\/coffeehumboldtecuador.com\/index.php?rest_route=\/wp\/v2\/types\/page"}],"author":[{"embeddable":true,"href":"https:\/\/coffeehumboldtecuador.com\/index.php?rest_route=\/wp\/v2\/users\/1"}],"replies":[{"embeddable":true,"href":"https:\/\/coffeehumboldtecuador.com\/index.php?rest_route=%2Fwp%2Fv2%2Fcomments&post=376"}],"version-history":[{"count":25,"href":"https:\/\/coffeehumboldtecuador.com\/index.php?rest_route=\/wp\/v2\/pages\/376\/revisions"}],"predecessor-version":[{"id":1726,"href":"https:\/\/coffeehumboldtecuador.com\/index.php?rest_route=\/wp\/v2\/pages\/376\/revisions\/1726"}],"wp:attachment":[{"href":"https:\/\/coffeehumboldtecuador.com\/index.php?rest_route=%2Fwp%2Fv2%2Fmedia&parent=376"}],"curies":[{"name":"wp","href":"https:\/\/api.w.org\/{rel}","templated":true}]}}